{"id":3533,"date":"2019-02-26T11:08:35","date_gmt":"2019-02-26T11:08:35","guid":{"rendered":"https:\/\/hotelaristonvenice.com\/?page_id=3533"},"modified":"2022-05-23T12:09:01","modified_gmt":"2022-05-23T10:09:01","slug":"privacy-policy","status":"publish","type":"page","link":"https:\/\/www.hotelaristonvenice.com\/en\/privacy-policy\/","title":{"rendered":"Privacy Policy"},"content":{"rendered":"<section class=\"l-section wpb_row height_medium\"><div class=\"l-section-h i-cf\"><div class=\"g-cols vc_row type_default valign_top\"><div class=\"vc_col-sm-12 wpb_column vc_column_container\"><div class=\"vc_column-inner\"><div class=\"wpb_wrapper\"><div class=\"wpb_text_column\" ><div class=\"wpb_wrapper\"><h1><strong>Informativa privacy<\/strong><\/h1>\n<p>(ai sensi dell&#8217;art. 13 del Regolamento Europeo sulla Protezione dei Dati n. 2016\/679 (di seguito, GDPR))<\/p>\n<ol>\n<li>\n<h4><strong> Titolare del trattamento<\/strong><\/h4>\n<\/li>\n<\/ol>\n<p>Berito S.R.L. con sede legale in Via Barche 53, 30035 Mirano (VE) (il \u201cTitolare\u201d) garantisce il rispetto della disciplina in materia di protezione dei dati personali fornendo le seguenti informazioni circa il trattamento dei dati raccolti mediante la compilazione del <em>form<\/em> di registrazione presente nel nostro sito.<\/p>\n<p>La presente informativa \u00e8 valida solo per questo sito web e non ha valore per altri siti web eventualmente consultati dall&#8217;utente a partire da links presenti sul nostro sito o su altri siti internet.<\/p>\n<ol start=\"2\">\n<li>\n<h4><strong> Dati trattati, finalit\u00e0 e basi giuridiche del trattamento<\/strong><\/h4>\n<\/li>\n<\/ol>\n<p><em>Dati generati dall\u2019accesso al sito<\/em><\/p>\n<p>I sistemi informatici e le procedure software preposte al funzionamento di questo sito acquisiscono, nel corso del loro normale esercizio, alcuni dati personali la cui trasmissione \u00e8 implicita nell\u2019uso dei protocolli di comunicazione di Internet.<\/p>\n<p>Questi dati (quali ad esempio nomi di dominio, indirizzi IP, sistema operativo utilizzato, tipo di device di browser utilizzati per la connessione) non sono accompagnati da alcuna informazione personale aggiuntiva e vengono utilizzati per: i) ricavare informazioni statistiche anonime sull\u2019uso del sito; ii) gestire esigenze di controllo delle modalit\u00e0 di utilizzo dello stesso, iii) accertare responsabilit\u00e0 in caso di ipotetici reati informatici.<\/p>\n<p>La base giuridica che legittima il trattamento di tali dati \u00e8 la necessit\u00e0 di rendere utilizzabili le funzionalit\u00e0 del sito a seguito dell\u2019accesso dell\u2019utente.<\/p>\n<p><em>Dati forniti volontariamente dall\u2019utente <\/em><br \/>\nI dati personali forniti dall\u2019utente tramite <em>form<\/em> sono raccolti e trattati per le seguenti finalit\u00e0:<\/p>\n<ol>\n<li>per lo svolgimento delle attivit\u00e0 di relazione con il cliente in base agli accordi contrattuali, pre-contrattuali;<\/li>\n<li>per finalit\u00e0 amministrative e per l\u2019adempimento di obblighi di legge quali ad esempio quelli di natura contabile, fiscale, o per dar corso a richieste dell\u2019autorit\u00e0 giudiziaria;<\/li>\n<li>per gestire richieste di informazioni;<\/li>\n<li>in presenza di specifico consenso, per l\u2019invio periodico, tramite e-mail, di newsletter e materiale pubblicitario;<\/li>\n<li>in presenza di specifico consenso, per inviare comunicazioni commerciali relative nuovi servizi ed offerte;<\/li>\n<\/ol>\n<p>La base giuridica che legittima il trattamento \u00e8 l\u2019esecuzione di un contratto di cui l\u2019interessato \u00e8 parte o l\u2019esecuzione di misure precontrattuali adottate su richiesta dello stesso. Nei casi espressamente indicati la base giuridica \u00e8 il consenso liberamente fornito dall\u2019interessato.<\/p>\n<ol start=\"3\">\n<li>\n<h4><strong> Natura del conferimento<\/strong><\/h4>\n<p>A parte quanto specificato per i dati di navigazione il conferimento dei dati:<\/li>\n<\/ol>\n<ul>\n<li>rispetto alle finalit\u00e0 di cui alle lettere a), b) e c) \u00e8 facoltativo ma l\u2019eventuale rifiuto comporter\u00e0 l\u2019impossibilit\u00e0 di ottenere quanto richiesto.<\/li>\n<li>rispetto alle finalit\u00e0 di cui alla lettera d) e e) \u00e8 anche esso facoltativo e il loro utilizzo \u00e8 condizionato al rilascio di un esplicito consenso. L\u2019eventuale rifiuto comporter\u00e0 l\u2019impossibilit\u00e0 per il <em>Titolare<\/em> di inviare newsletter e materiale pubblicitario o informazioni in relazione a nuovi servizi ed offerte.<\/li>\n<\/ul>\n<ol start=\"4\">\n<li>\n<h4><strong> Modalit\u00e0 di trattamento e tempi di conservazione dei dati<\/strong><\/h4>\n<\/li>\n<\/ol>\n<p>I dati personali forniti saranno trattati mediante strumenti informatici e telematici, o mediante elaborazioni manuali con logiche strettamente correlate alle finalit\u00e0 indicate e, comunque, adottando le opportune misure di sicurezza volte ad impedire l\u2019accesso, la divulgazione, la modifica o la distruzione non autorizzata dei medesimi. I dati vengono conservati per il tempo strettamente necessario alla gestione delle finalit\u00e0 per le quali i dati stessi sono raccolti nel rispetto delle norme vigenti e degli obblighi di legge.<\/p>\n<p>In ogni caso il <em>Titolare<\/em> attua regole che impediscono la conservazione dei dati a tempo indeterminato e limita quindi il tempo di conservazione nel rispetto del principio di minimizzazione del trattamento dei dati.<\/p>\n<ol start=\"5\">\n<li>\n<h4><strong> Soggetti autorizzati al trattamento, responsabili e comunicazione dei dati<\/strong><\/h4>\n<\/li>\n<\/ol>\n<p>Il trattamento dei dati raccolti \u00e8 effettuato da personale interno di Berito S.R.L. a tal fine individuato e autorizzato del trattamento secondo specifiche istruzioni impartite nel rispetto della normativa vigente.<\/p>\n<p>I dati raccolti, qualora sia necessario o strumentale per l\u2019esecuzione delle indicate finalit\u00e0, potranno essere trattati da terzi nominati Responsabili esterni del trattamento, ovvero, a seconda dei casi, comunicati agli stessi quali autonomi titolari, e precisamente:<\/p>\n<ol>\n<li>societ\u00e0 facenti parte del nostro gruppo societario per le finalit\u00e0 di cui al punto 2 lett. b) ;<\/li>\n<li>persone, societ\u00e0, associazioni o studi professionali che prestino attivit\u00e0 di assistenza e consulenza alla nostra Societ\u00e0, per le finalit\u00e0 di cui al punto 2 lett. b)<\/li>\n<li>societ\u00e0 che forniscono servizi per la gestione del sistema informativo<\/li>\n<li>Amministrazioni, Enti pubblici e Autorit\u00e0 competenti per adempimenti di obblighi di leggi e\/o disposizioni di organi pubblici.<\/li>\n<\/ol>\n<p>Il Titolare del trattamento non trasferisce i dati personali in paesi terzi o a organizzazioni internazionali. In ogni caso, i dati personali non saranno mai diffusi.<\/p>\n<ol start=\"6\">\n<li>\n<h4><strong> Diritti dell\u2019interessato<\/strong><\/h4>\n<\/li>\n<\/ol>\n<p>L\u2019Interessato potr\u00e0 in qualsiasi momento esercitare i diritti a Lui riservati, sanciti dagli artt. 15 e seguenti del GDPR. In particolare, l\u2019interessato ha diritto di chiedere al titolare del trattamento l\u2019accesso ai dati personali e la rettifica o la cancellazione degli stessi o la limitazione del trattamento dei dati personali che lo riguardano o di opporsi al loro trattamento, oltre al diritto alla portabilit\u00e0 dei dati, ad ottenere la conferma dell\u2019esistenza o meno di dati personali che lo riguardano, anche se non ancora registrati e la loro comunicazione in forma intelligibile. Qualora il trattamento sia basato sull\u2019articolo 6, paragrafo 1, lettera a), oppure sull\u2019articolo 9, paragrafo 2, lettera a), <strong>l\u2019Interessato ha il diritto di revocare il consenso in qualsiasi momento<\/strong> senza pregiudicare la liceit\u00e0 del trattamento basata sul consenso prestato prima della revoca. L\u2019Interessato ha diritto di ottenere: l\u2019aggiornamento, la rettificazione, ovvero, quando vi \u00e8 interesse, l\u2019integrazione dei dati; la cancellazione, la trasformazione in forma anonima o il blocco dei dati trattati in violazione di legge, compresi quelli di cui non \u00e8 necessaria la conservazione in relazione agli scopi per i quali i dati sono stati raccolti o successivamente trattati.<\/p>\n<p>L\u2019esercizio di tali diritti pu\u00f2 essere esercitato scrivendo una mail al seguente indirizzo:<\/p>\n<p><a href=\"mailto:info@hotelaristonvenice.com\"><strong>info@hotelaristonvenice.com<\/strong><\/a><\/p>\n<p><strong>Ultimo aggiornam<\/strong><strong>ento: <\/strong>23\/05\/2022<\/p>\n<\/div><\/div><\/div><\/div><\/div><\/div><\/div><\/section><section class=\"l-section wpb_row height_auto\"><div class=\"l-section-h i-cf\"><div class=\"g-cols vc_row type_default valign_top\"><div class=\"vc_col-sm-6 wpb_column vc_column_container align_center_xs\"><div class=\"vc_column-inner us_custom_1dfdc494\"><div class=\"wpb_wrapper\"><div class=\"wpb_text_column us_custom_4cfb87d6\" ><div class=\"wpb_wrapper\"><p><img loading=\"lazy\" class=\"wp-image-3776 alignnone\" src=\"https:\/\/www.hotelaristonvenice.com\/wp-content\/uploads\/2019\/02\/logo_hotel_ariston.jpg\" alt=\"\" width=\"150\" height=\"160\" srcset=\"https:\/\/www.hotelaristonvenice.com\/wp-content\/uploads\/2019\/02\/logo_hotel_ariston.jpg 293w, https:\/\/www.hotelaristonvenice.com\/wp-content\/uploads\/2019\/02\/logo_hotel_ariston-281x300.jpg 281w\" sizes=\"(max-width: 150px) 100vw, 150px\" \/><\/p>\n<p><strong>Hotel Ariston \u2013 Berito S.R.L.<br \/>\n<\/strong>via G. Bergamo, 12 Mestre Venezia<br \/>\nTel. +39 041985577 &#8211; Fax: +39 041972293<br \/>\n<a href=\"mailto:info@hotelaristonvenice.com\">info@hotelaristonvenice.com<\/a><br \/>\n<a href=\"https:\/\/hotelaristonvenice.com\/en\/privacy-policy\/\">Privacy Policy<\/a><br \/>\nP.IVA: 02042950275<\/p>\n<\/div><\/div><div class=\"w-socials us_custom_238a4040 color_brand shape_square style_default hover_fade\"><div class=\"w-socials-list\"><div class=\"w-socials-item facebook\"><a class=\"w-socials-item-link\" href=\"#\" target=\"_blank\" rel=\"noopener nofollow\" title=\"Facebook\" aria-label=\"Facebook\"><span class=\"w-socials-item-link-hover\"><\/span><i class=\"fab fa-facebook\"><\/i><\/a><div class=\"w-socials-item-popup\"><span>Facebook<\/span><\/div><\/div><div class=\"w-socials-item instagram\"><a class=\"w-socials-item-link\" href=\"#\" target=\"_blank\" rel=\"noopener nofollow\" title=\"Instagram\" aria-label=\"Instagram\"><span class=\"w-socials-item-link-hover\"><\/span><i class=\"fab fa-instagram\"><\/i><\/a><div class=\"w-socials-item-popup\"><span>Instagram<\/span><\/div><\/div><\/div><\/div><\/div><\/div><\/div><div class=\"vc_col-sm-6 wpb_column vc_column_container\"><div class=\"vc_column-inner us_custom_1dfdc494\"><div class=\"wpb_wrapper\"><div class=\"w-image align_none\"><div class=\"w-image-h\"><img width=\"1024\" height=\"742\" src=\"https:\/\/www.hotelaristonvenice.com\/wp-content\/uploads\/2019\/02\/hotel-ariston-1024x742.jpg\" class=\"attachment-large size-large\" alt=\"facciata hotel\" loading=\"lazy\" srcset=\"https:\/\/www.hotelaristonvenice.com\/wp-content\/uploads\/2019\/02\/hotel-ariston-1024x742.jpg 1024w, https:\/\/www.hotelaristonvenice.com\/wp-content\/uploads\/2019\/02\/hotel-ariston-300x218.jpg 300w, https:\/\/www.hotelaristonvenice.com\/wp-content\/uploads\/2019\/02\/hotel-ariston-768x557.jpg 768w, https:\/\/www.hotelaristonvenice.com\/wp-content\/uploads\/2019\/02\/hotel-ariston.jpg 1280w\" sizes=\"(max-width: 1024px) 100vw, 1024px\" \/><\/div><\/div><\/div><\/div><\/div><\/div><\/div><\/section><section class=\"l-section wpb_row height_auto\"><div class=\"l-section-h i-cf\"><div class=\"g-cols vc_row type_default valign_top\"><div class=\"vc_col-sm-12 wpb_column vc_column_container align_center_xs\"><div class=\"vc_column-inner\"><div class=\"wpb_wrapper\"><div class=\"ult-spacer spacer-6a039c4c78a2f\" data-id=\"6a039c4c78a2f\" data-height=\"100\" data-height-mobile=\"100\" data-height-tab=\"100\" data-height-tab-portrait=\"\" data-height-mobile-landscape=\"\" style=\"clear:both;display:block;\"><\/div><\/div><\/div><\/div><\/div><\/div><\/section>\n","protected":false},"excerpt":{"rendered":"Informativa privacy (ai sensi dell&#8217;art. 13 del Regolamento Europeo sulla Protezione dei Dati n. 2016\/679 (di seguito, GDPR)) Titolare del trattamento Berito S.R.L. con sede legale in Via Barche 53, 30035 Mirano (VE) (il \u201cTitolare\u201d) garantisce il rispetto della disciplina in materia di protezione dei dati personali fornendo le seguenti informazioni circa il trattamento dei...","protected":false},"author":1,"featured_media":0,"parent":0,"menu_order":0,"comment_status":"closed","ping_status":"closed","template":"","meta":[],"_links":{"self":[{"href":"https:\/\/www.hotelaristonvenice.com\/en\/wp-json\/wp\/v2\/pages\/3533"}],"collection":[{"href":"https:\/\/www.hotelaristonvenice.com\/en\/wp-json\/wp\/v2\/pages"}],"about":[{"href":"https:\/\/www.hotelaristonvenice.com\/en\/wp-json\/wp\/v2\/types\/page"}],"author":[{"embeddable":true,"href":"https:\/\/www.hotelaristonvenice.com\/en\/wp-json\/wp\/v2\/users\/1"}],"replies":[{"embeddable":true,"href":"https:\/\/www.hotelaristonvenice.com\/en\/wp-json\/wp\/v2\/comments?post=3533"}],"version-history":[{"count":9,"href":"https:\/\/www.hotelaristonvenice.com\/en\/wp-json\/wp\/v2\/pages\/3533\/revisions"}],"predecessor-version":[{"id":7773,"href":"https:\/\/www.hotelaristonvenice.com\/en\/wp-json\/wp\/v2\/pages\/3533\/revisions\/7773"}],"wp:attachment":[{"href":"https:\/\/www.hotelaristonvenice.com\/en\/wp-json\/wp\/v2\/media?parent=3533"}],"curies":[{"name":"wp","href":"https:\/\/api.w.org\/{rel}","templated":true}]}}